{"id":3318,"date":"2021-02-18T18:28:46","date_gmt":"2021-02-18T17:28:46","guid":{"rendered":"https:\/\/www.vecchiamasseria.com\/shop\/?post_type=product&#038;p=3318"},"modified":"2025-08-19T16:15:04","modified_gmt":"2025-08-19T14:15:04","slug":"olio-evo-biologico-tramae-050-lt","status":"publish","type":"product","link":"https:\/\/www.vecchiamasseria.com\/shop\/product\/olio-evo-biologico-tramae-050-lt\/","title":{"rendered":"Olio EVO Biologico Tram\u00e6 0,50 lt"},"content":{"rendered":"<p>[vc_row full_width=&#8221;stretch_row_content_no_spaces&#8221; full_height=&#8221;yes&#8221; disable_element=&#8221;yes&#8221; css=&#8221;.vc_custom_1615316831837{padding-top: 5em !important;padding-bottom: 5em !important;background-image: url(http:\/\/okthemes.com\/traciandemo2\/wp-content\/uploads\/2019\/03\/demo-image-1440x600_2.jpg?id=3247) !important;background-position: center !important;background-repeat: no-repeat !important;background-size: cover !important;}&#8221;][vc_column][\/vc_column][\/vc_row][vc_row disable_element=&#8221;yes&#8221;][vc_column width=&#8221;1\/6&#8243;][\/vc_column][vc_column width=&#8221;2\/3&#8243;]\n\t<div class=\"title-subtitle-box  wpb_animate_when_almost_visible wpb_bottom-to-top bottom-to-top vc_custom_1548414756937\" style=\" text-align: center;\">\n\t\t<h2 style=\" font-style: normal;\" class=\"special-title\" >\n\t\t<span style=\" color:#c89500; \">wine specs<\/span>Tasting notes<\/h2>\n\t\t<div class=\"box-description\"><p>The 2015 vintage of Cabernet is loaded with ripe fruit flavors of\u00a0black cherry, boysenberry and other black fruits. It is layered with notes of black\u00a0tea, mint, herb and spice. This concentrated, full bodied wine has a smooth\u00a0lasting finish.<\/p>\n<\/div>\n\t<\/div> [\/vc_column][vc_column width=&#8221;1\/6&#8243;][\/vc_column][\/vc_row][vc_row full_width=&#8221;stretch_row_content_no_spaces&#8221; full_height=&#8221;yes&#8221; disable_element=&#8221;yes&#8221; css=&#8221;.vc_custom_1615316841748{padding-top: 5em !important;padding-bottom: 5em !important;background-image: url(http:\/\/okthemes.com\/traciandemo2\/wp-content\/uploads\/2019\/03\/demo-image-1440x600_2.jpg?id=3247) !important;background-position: center !important;background-repeat: no-repeat !important;background-size: cover !important;}&#8221;][vc_column][\/vc_column][\/vc_row][vc_row disable_element=&#8221;yes&#8221;][vc_column width=&#8221;1\/6&#8243;][\/vc_column][vc_column width=&#8221;2\/3&#8243;]\n\t<div class=\"title-subtitle-box  wpb_animate_when_almost_visible wpb_bottom-to-top bottom-to-top vc_custom_1548414458517\" style=\" text-align: center;\">\n\t\t<h2 style=\" font-style: normal;\" class=\"special-title\" >\n\t\t<span style=\" color:#c89500; \">wine specs<\/span>Food pairings<\/h2>\n\t\t<div class=\"box-description\"><p>Barbecued Tri-tip, mustard-rubbed pork loin, parmesan and black pepper pasta (Cacio e Pepe), or crispy gnocchi with brown butter and sage.<\/p>\n<\/div>\n\t<\/div> [\/vc_column][vc_column width=&#8221;1\/6&#8243;][\/vc_column][\/vc_row][vc_row full_width=&#8221;stretch_row&#8221; disable_element=&#8221;yes&#8221; css=&#8221;.vc_custom_1615316857544{padding-top: 10% !important;padding-right: 10% !important;padding-bottom: 10% !important;padding-left: 10% !important;background-color: #f1f1f1 !important;}&#8221;][vc_column width=&#8221;1\/3&#8243;]\n\t<div class=\"featured-icon-wrapper  vc_custom_1548412214671 style_2 text-align-left\">\n\t<div class=\"featured-icon-media-wrapper\">\n\t<img loading=\"lazy\" decoding=\"async\" class=\"featured-image-icon \" src=\"https:\/\/www.vecchiamasseria.com\/shop\/wp-content\/uploads\/2019\/01\/icn-bottle-and-glass-01-50x50.png\" width=\"50\" height=\"50\" alt=\"icn-bottle-and-glass-01\" title=\"icn-bottle-and-glass-01\" \/>\n\t<\/div>\n\t<div class=\"featured-icon-content-wrapper\">\n\t<div class=\"featured-icon-title\">Serving temperature<\/div>\n\t<div class=\"featured-icon-desc\" >Between 10\u00b0 and 17\u00b0<\/div>\n\t<\/div>\n\t<\/div>[\/vc_column][vc_column width=&#8221;1\/3&#8243;]\n\t<div class=\"featured-icon-wrapper  vc_custom_1548412222055 style_2 text-align-left\">\n\t<div class=\"featured-icon-media-wrapper\">\n\t<img loading=\"lazy\" decoding=\"async\" class=\"featured-image-icon \" src=\"https:\/\/www.vecchiamasseria.com\/shop\/wp-content\/uploads\/2019\/01\/icn-glass-01-50x50.png\" width=\"50\" height=\"50\" alt=\"icn-glass-01\" title=\"icn-glass-01\" \/>\n\t<\/div>\n\t<div class=\"featured-icon-content-wrapper\">\n\t<div class=\"featured-icon-title\">Aging<\/div>\n\t<div class=\"featured-icon-desc\" >Ageing from 2018 to 2020<\/div>\n\t<\/div>\n\t<\/div>[\/vc_column][vc_column width=&#8221;1\/3&#8243;]\n\t<div class=\"featured-icon-wrapper  vc_custom_1548412228667 style_2 text-align-left\">\n\t<div class=\"featured-icon-media-wrapper\">\n\t<img loading=\"lazy\" decoding=\"async\" class=\"featured-image-icon \" src=\"https:\/\/www.vecchiamasseria.com\/shop\/wp-content\/uploads\/2019\/01\/icn-grapes-01-50x50.png\" width=\"50\" height=\"50\" alt=\"icn-grapes-01\" title=\"icn-grapes-01\" \/>\n\t<\/div>\n\t<div class=\"featured-icon-content-wrapper\">\n\t<div class=\"featured-icon-title\">Appearance<\/div>\n\t<div class=\"featured-icon-desc\" >Pinkish colour, crystal clear<\/div>\n\t<\/div>\n\t<\/div>[\/vc_column][\/vc_row]<\/p>\n","protected":false},"excerpt":{"rendered":"<p>Nel solco di una tradizione ultra decennale, le Tram\u00e6 di tre generazioni della famiglia Golino sorvegliano, imbottigliano, crescono. Cos\u00ec, in ventidue ettari, dove la terra inalterata non ha inizio n\u00e9 fine, nasce un olio extravergine, biologico, fragrante, corposo, che, di armonia, il gusto separa.<\/p>\n","protected":false},"featured_media":3459,"template":"","meta":[],"product_brand":[],"product_cat":[31],"product_tag":[33,32,36],"class_list":{"0":"post-3318","1":"product","2":"type-product","3":"status-publish","4":"has-post-thumbnail","6":"product_cat-olio-evo-bio","7":"product_tag-biologico","8":"product_tag-olio-evo","9":"product_tag-siciliano","10":"has_thumb","12":"first","13":"instock","14":"shipping-taxable","15":"purchasable","16":"product-type-simple"},"_links":{"self":[{"href":"https:\/\/www.vecchiamasseria.com\/shop\/wp-json\/wp\/v2\/product\/3318","targetHints":{"allow":["GET"]}}],"collection":[{"href":"https:\/\/www.vecchiamasseria.com\/shop\/wp-json\/wp\/v2\/product"}],"about":[{"href":"https:\/\/www.vecchiamasseria.com\/shop\/wp-json\/wp\/v2\/types\/product"}],"wp:featuredmedia":[{"embeddable":true,"href":"https:\/\/www.vecchiamasseria.com\/shop\/wp-json\/wp\/v2\/media\/3459"}],"wp:attachment":[{"href":"https:\/\/www.vecchiamasseria.com\/shop\/wp-json\/wp\/v2\/media?parent=3318"}],"wp:term":[{"taxonomy":"product_brand","embeddable":true,"href":"https:\/\/www.vecchiamasseria.com\/shop\/wp-json\/wp\/v2\/product_brand?post=3318"},{"taxonomy":"product_cat","embeddable":true,"href":"https:\/\/www.vecchiamasseria.com\/shop\/wp-json\/wp\/v2\/product_cat?post=3318"},{"taxonomy":"product_tag","embeddable":true,"href":"https:\/\/www.vecchiamasseria.com\/shop\/wp-json\/wp\/v2\/product_tag?post=3318"}],"curies":[{"name":"wp","href":"https:\/\/api.w.org\/{rel}","templated":true}]}}