{"id":3319,"date":"2021-02-18T18:30:11","date_gmt":"2021-02-18T17:30:11","guid":{"rendered":"https:\/\/www.vecchiamasseria.com\/shop\/?post_type=product&#038;p=3319"},"modified":"2025-08-19T16:14:55","modified_gmt":"2025-08-19T14:14:55","slug":"olio-evo-biologico-tramae-010-lt","status":"publish","type":"product","link":"https:\/\/www.vecchiamasseria.com\/shop\/product\/olio-evo-biologico-tramae-010-lt\/","title":{"rendered":"Olio EVO Biologico Tram\u00e6 0,10 lt"},"content":{"rendered":"","protected":false},"excerpt":{"rendered":"<p>Nel solco di una tradizione ultra decennale, le Tram\u00e6 di tre generazioni della famiglia Golino sorvegliano, imbottigliano, crescono. Cos\u00ec, in ventidue ettari, dove la terra inalterata non ha inizio n\u00e9 fine, nasce un olio extravergine, biologico, fragrante, corposo, che, di armonia, il gusto separa.<\/p>\n","protected":false},"featured_media":3314,"template":"","meta":[],"product_brand":[],"product_cat":[31],"product_tag":[33,38,32,36],"class_list":{"0":"post-3319","1":"product","2":"type-product","3":"status-publish","4":"has-post-thumbnail","6":"product_cat-olio-evo-bio","7":"product_tag-biologico","8":"product_tag-olio","9":"product_tag-olio-evo","10":"product_tag-siciliano","11":"has_thumb","13":"first","14":"instock","15":"shipping-taxable","16":"purchasable","17":"product-type-simple"},"_links":{"self":[{"href":"https:\/\/www.vecchiamasseria.com\/shop\/wp-json\/wp\/v2\/product\/3319","targetHints":{"allow":["GET"]}}],"collection":[{"href":"https:\/\/www.vecchiamasseria.com\/shop\/wp-json\/wp\/v2\/product"}],"about":[{"href":"https:\/\/www.vecchiamasseria.com\/shop\/wp-json\/wp\/v2\/types\/product"}],"wp:featuredmedia":[{"embeddable":true,"href":"https:\/\/www.vecchiamasseria.com\/shop\/wp-json\/wp\/v2\/media\/3314"}],"wp:attachment":[{"href":"https:\/\/www.vecchiamasseria.com\/shop\/wp-json\/wp\/v2\/media?parent=3319"}],"wp:term":[{"taxonomy":"product_brand","embeddable":true,"href":"https:\/\/www.vecchiamasseria.com\/shop\/wp-json\/wp\/v2\/product_brand?post=3319"},{"taxonomy":"product_cat","embeddable":true,"href":"https:\/\/www.vecchiamasseria.com\/shop\/wp-json\/wp\/v2\/product_cat?post=3319"},{"taxonomy":"product_tag","embeddable":true,"href":"https:\/\/www.vecchiamasseria.com\/shop\/wp-json\/wp\/v2\/product_tag?post=3319"}],"curies":[{"name":"wp","href":"https:\/\/api.w.org\/{rel}","templated":true}]}}